{"id":33,"date":"2019-04-27T08:46:40","date_gmt":"2019-04-27T08:46:40","guid":{"rendered":"http:\/\/mexoshop24.de\/?post_type=product&#038;p=33"},"modified":"2023-09-28T12:36:27","modified_gmt":"2023-09-28T12:36:27","slug":"el-chumbo-07-liter","status":"publish","type":"product","link":"https:\/\/mexoshop24.de\/?product=el-chumbo-07-liter","title":{"rendered":"el Chumbo 0,5 Liter"},"content":{"rendered":"","protected":false},"excerpt":{"rendered":"<p>Oft kopiert und nie erreicht!<br \/>\nHier bekommst Du DAS Original!<br \/>\nDer beliebte Kaktusfeigen-Lik\u00f6r &#8222;el-Chumbo&#8220; darf auf keiner Feier fehlen.<br \/>\nS\u00fc\u00dflich, rund und s\u00fcffig im Geschmack \u00fcberzeugt er sowohl Damen als auch Herren von seiner hohen Qualit\u00e4t.<\/p>\n<p>Exklusiv f\u00fcr die MEXO-Bar hergestellt.<br \/>\n20 vol%. alc.<\/p>\n<p>&nbsp;<\/p>\n<p> <a class=\"more-link\" href=\"https:\/\/mexoshop24.de\/?product=el-chumbo-07-liter\">Weiterlesen<\/a><\/p>","protected":false},"featured_media":170,"comment_status":"open","ping_status":"closed","template":"","meta":[],"product_cat":[31],"product_tag":[],"_links":{"self":[{"href":"https:\/\/mexoshop24.de\/index.php?rest_route=\/wp\/v2\/product\/33"}],"collection":[{"href":"https:\/\/mexoshop24.de\/index.php?rest_route=\/wp\/v2\/product"}],"about":[{"href":"https:\/\/mexoshop24.de\/index.php?rest_route=\/wp\/v2\/types\/product"}],"replies":[{"embeddable":true,"href":"https:\/\/mexoshop24.de\/index.php?rest_route=%2Fwp%2Fv2%2Fcomments&post=33"}],"wp:featuredmedia":[{"embeddable":true,"href":"https:\/\/mexoshop24.de\/index.php?rest_route=\/wp\/v2\/media\/170"}],"wp:attachment":[{"href":"https:\/\/mexoshop24.de\/index.php?rest_route=%2Fwp%2Fv2%2Fmedia&parent=33"}],"wp:term":[{"taxonomy":"product_cat","embeddable":true,"href":"https:\/\/mexoshop24.de\/index.php?rest_route=%2Fwp%2Fv2%2Fproduct_cat&post=33"},{"taxonomy":"product_tag","embeddable":true,"href":"https:\/\/mexoshop24.de\/index.php?rest_route=%2Fwp%2Fv2%2Fproduct_tag&post=33"}],"curies":[{"name":"wp","href":"https:\/\/api.w.org\/{rel}","templated":true}]}}