{"id":195,"date":"2020-01-09T14:02:13","date_gmt":"2020-01-09T14:02:13","guid":{"rendered":"http:\/\/mexoshop24.de\/?post_type=product&#038;p=195"},"modified":"2020-01-09T14:02:44","modified_gmt":"2020-01-09T14:02:44","slug":"armbaendchen-wiederverschliessbar-groesse-m","status":"publish","type":"product","link":"https:\/\/mexoshop24.de\/?product=armbaendchen-wiederverschliessbar-groesse-m","title":{"rendered":"Armb\u00e4ndchen wiederverschlie\u00dfbar Gr\u00f6\u00dfe: M"},"content":{"rendered":"","protected":false},"excerpt":{"rendered":"<p>F\u00fcr Alle, die ihr Armb\u00e4ndchen nicht pausenlos tragen m\u00f6chten!<br \/>\nMit diesem wiederverschlie\u00dfbarem Mexo-Armband zeigst Du dezent deine Vorliebe zu exzellenten Cocktails und stilvollen Szenelocations.<br \/>\nF\u00fcr echte Fans ein Muss, f\u00fcr echte Friends erst recht! Und sollte der trendige Handgelenkschmuck mal nicht zur Garderobe passen, kannst Du ihn einfach abnehmen und bei n\u00e4chster Gelegenheit wieder tragen.<\/p>\n<p>Trage Deine Lieblingsbar immer am Handgelenk und stehe zu deinem guten Geschmack.<\/p>\n<p><strong>Gr\u00f6\u00dfe: M (mit Verschluss ca. 180mm x 15mm)<\/strong><br \/>\nFarbe: siehe Bild<\/p>\n<p> <a class=\"more-link\" href=\"https:\/\/mexoshop24.de\/?product=armbaendchen-wiederverschliessbar-groesse-m\">Weiterlesen<\/a><\/p>","protected":false},"featured_media":194,"comment_status":"open","ping_status":"closed","template":"","meta":[],"product_cat":[32,33],"product_tag":[],"_links":{"self":[{"href":"https:\/\/mexoshop24.de\/index.php?rest_route=\/wp\/v2\/product\/195"}],"collection":[{"href":"https:\/\/mexoshop24.de\/index.php?rest_route=\/wp\/v2\/product"}],"about":[{"href":"https:\/\/mexoshop24.de\/index.php?rest_route=\/wp\/v2\/types\/product"}],"replies":[{"embeddable":true,"href":"https:\/\/mexoshop24.de\/index.php?rest_route=%2Fwp%2Fv2%2Fcomments&post=195"}],"wp:featuredmedia":[{"embeddable":true,"href":"https:\/\/mexoshop24.de\/index.php?rest_route=\/wp\/v2\/media\/194"}],"wp:attachment":[{"href":"https:\/\/mexoshop24.de\/index.php?rest_route=%2Fwp%2Fv2%2Fmedia&parent=195"}],"wp:term":[{"taxonomy":"product_cat","embeddable":true,"href":"https:\/\/mexoshop24.de\/index.php?rest_route=%2Fwp%2Fv2%2Fproduct_cat&post=195"},{"taxonomy":"product_tag","embeddable":true,"href":"https:\/\/mexoshop24.de\/index.php?rest_route=%2Fwp%2Fv2%2Fproduct_tag&post=195"}],"curies":[{"name":"wp","href":"https:\/\/api.w.org\/{rel}","templated":true}]}}